{"id":253,"date":"2021-05-16T13:50:45","date_gmt":"2021-05-16T13:50:45","guid":{"rendered":"http:\/\/dolinatarczynki.pl\/?page_id=253"},"modified":"2024-01-29T12:08:51","modified_gmt":"2024-01-29T12:08:51","slug":"soki-w-szklanych-butelkach","status":"publish","type":"page","link":"https:\/\/dolinatarczynki.pl\/?page_id=253","title":{"rendered":"Soki w szklanych butelkach"},"content":{"rendered":"\n<pre class=\"wp-block-preformatted\"><strong>OFERTA:\n<\/strong>W naszej ofercie znajdziecie Pa\u0144stwo soki w szklanych butelkach o pojemno\u015bci: 250 ml. oraz 500 ml. (pojemno\u015b\u0107 uzale\u017cniona jest od smaku sok\u00f3w)\nSoki owocowe w szklanych butelkach:\n- sok malinowy 100%\n- syrop malinowy\n- sok z aronii 100%\n- syrop z aronii\n- sok bor\u00f3wkowy 100%\n- sok z czarnej porzeczki 100%\n- syrop z czarnej porzeczki\n- sok z czarnego bzu 100%\n- syrop z czarnego bzu\n- sok z pigwowca 100%\n- syrop z pigwowca\n- sok wi\u015bniowy 100%<\/pre>\n\n\n\n<div class=\"wp-block-media-text alignwide is-stacked-on-mobile\" style=\"grid-template-columns:47% auto\"><figure class=\"wp-block-media-text__media\"><img fetchpriority=\"high\" decoding=\"async\" width=\"767\" height=\"1024\" src=\"http:\/\/dolinatarczynki.pl\/wp-content\/uploads\/2024\/01\/InShot_MALINA-SYROP-2-767x1024.jpg\" alt=\"\" class=\"wp-image-549 size-full\" srcset=\"https:\/\/dolinatarczynki.pl\/wp-content\/uploads\/2024\/01\/InShot_MALINA-SYROP-2-767x1024.jpg 767w, https:\/\/dolinatarczynki.pl\/wp-content\/uploads\/2024\/01\/InShot_MALINA-SYROP-2-225x300.jpg 225w, https:\/\/dolinatarczynki.pl\/wp-content\/uploads\/2024\/01\/InShot_MALINA-SYROP-2-768x1026.jpg 768w, https:\/\/dolinatarczynki.pl\/wp-content\/uploads\/2024\/01\/InShot_MALINA-SYROP-2-1150x1536.jpg 1150w, https:\/\/dolinatarczynki.pl\/wp-content\/uploads\/2024\/01\/InShot_MALINA-SYROP-2-1533x2048.jpg 1533w, https:\/\/dolinatarczynki.pl\/wp-content\/uploads\/2024\/01\/InShot_MALINA-SYROP-2-1200x1603.jpg 1200w, https:\/\/dolinatarczynki.pl\/wp-content\/uploads\/2024\/01\/InShot_MALINA-SYROP-2-scaled.jpg 1916w\" sizes=\"(max-width: 767px) 100vw, 767px\" \/><\/figure><div class=\"wp-block-media-text__content\">\n<p class=\"has-text-align-center\">MALINA &#8211; NIEZAST\u0104PIONA PRZY PRZEZI\u0118BIENIACH !!! Syrop malinowy o pojemno\u015bci 250 ml. Syrop wyt\u0142oczony ze \u015bwie\u017cych polskich malin, bez konserwant\u00f3w.<\/p>\n<\/div><\/div>\n\n\n\n<div class=\"wp-block-media-text alignwide has-media-on-the-right is-stacked-on-mobile\" style=\"grid-template-columns:auto 47%\"><div class=\"wp-block-media-text__content\">\n<p class=\"has-text-align-center\">MALINA &#8211; NIEZAST\u0104PIONA PRZY PRZEZI\u0118BIENIACH !!! Sok malinowy o pojemno\u015bci 250 ml. Sok wyt\u0142oczony ze \u015bwie\u017cych polskich malin, bez konserwant\u00f3w i cukru.<\/p>\n<\/div><figure class=\"wp-block-media-text__media\"><img decoding=\"async\" width=\"767\" height=\"1024\" src=\"http:\/\/dolinatarczynki.pl\/wp-content\/uploads\/2024\/01\/InShot_MALINA-SOK-1-767x1024.jpg\" alt=\"\" class=\"wp-image-551 size-full\" srcset=\"https:\/\/dolinatarczynki.pl\/wp-content\/uploads\/2024\/01\/InShot_MALINA-SOK-1-767x1024.jpg 767w, https:\/\/dolinatarczynki.pl\/wp-content\/uploads\/2024\/01\/InShot_MALINA-SOK-1-225x300.jpg 225w, https:\/\/dolinatarczynki.pl\/wp-content\/uploads\/2024\/01\/InShot_MALINA-SOK-1-768x1026.jpg 768w, https:\/\/dolinatarczynki.pl\/wp-content\/uploads\/2024\/01\/InShot_MALINA-SOK-1-1150x1536.jpg 1150w, https:\/\/dolinatarczynki.pl\/wp-content\/uploads\/2024\/01\/InShot_MALINA-SOK-1-1533x2048.jpg 1533w, https:\/\/dolinatarczynki.pl\/wp-content\/uploads\/2024\/01\/InShot_MALINA-SOK-1-1200x1603.jpg 1200w, https:\/\/dolinatarczynki.pl\/wp-content\/uploads\/2024\/01\/InShot_MALINA-SOK-1-scaled.jpg 1916w\" sizes=\"(max-width: 767px) 100vw, 767px\" \/><\/figure><\/div>\n\n\n\n<div class=\"wp-block-media-text alignwide is-stacked-on-mobile\" style=\"grid-template-columns:48% auto\"><figure class=\"wp-block-media-text__media\"><img decoding=\"async\" width=\"768\" height=\"1024\" src=\"http:\/\/dolinatarczynki.pl\/wp-content\/uploads\/2024\/01\/InShot_CZARNY-BEZ-SYROP-768x1024.jpg\" alt=\"\" class=\"wp-image-552 size-full\" srcset=\"https:\/\/dolinatarczynki.pl\/wp-content\/uploads\/2024\/01\/InShot_CZARNY-BEZ-SYROP-768x1024.jpg 768w, https:\/\/dolinatarczynki.pl\/wp-content\/uploads\/2024\/01\/InShot_CZARNY-BEZ-SYROP-225x300.jpg 225w, https:\/\/dolinatarczynki.pl\/wp-content\/uploads\/2024\/01\/InShot_CZARNY-BEZ-SYROP-1152x1536.jpg 1152w, https:\/\/dolinatarczynki.pl\/wp-content\/uploads\/2024\/01\/InShot_CZARNY-BEZ-SYROP-1536x2048.jpg 1536w, https:\/\/dolinatarczynki.pl\/wp-content\/uploads\/2024\/01\/InShot_CZARNY-BEZ-SYROP-1200x1600.jpg 1200w, https:\/\/dolinatarczynki.pl\/wp-content\/uploads\/2024\/01\/InShot_CZARNY-BEZ-SYROP-scaled.jpg 1920w\" sizes=\"(max-width: 768px) 100vw, 768px\" \/><\/figure><div class=\"wp-block-media-text__content\">\n<p class=\"has-text-align-center\">CZARNY BEZ &#8211; DZIA\u0141A OCZYSZCZAJ\u0104CO, WZMACNIAJ\u0104CO I PRZECIWWIRUSOWO !!! Syrop z czarnego bzu o pojemno\u015bci 250 ml. Syrop wyt\u0142oczony ze \u015bwie\u017cych polskich owoc\u00f3w czarnego bzu, bez konserwant\u00f3w.<\/p>\n<\/div><\/div>\n\n\n\n<div class=\"wp-block-media-text alignwide has-media-on-the-right is-stacked-on-mobile\" style=\"grid-template-columns:auto 49%\"><div class=\"wp-block-media-text__content\">\n<p class=\"has-text-align-center\">BOR\u00d3WKA &#8211; DZIA\u0141A WSPANIALE NA WZROK !!! Sok bor\u00f3wkowy o pojemno\u015bci 250 ml. Sok wyt\u0142oczony ze \u015bwie\u017cych polskich bor\u00f3wek, bez konserwant\u00f3w i cukru.<\/p>\n<\/div><figure class=\"wp-block-media-text__media\"><img loading=\"lazy\" decoding=\"async\" width=\"768\" height=\"1024\" src=\"http:\/\/dolinatarczynki.pl\/wp-content\/uploads\/2024\/01\/InShot_BOROWKA-768x1024.jpg\" alt=\"\" class=\"wp-image-553 size-full\" srcset=\"https:\/\/dolinatarczynki.pl\/wp-content\/uploads\/2024\/01\/InShot_BOROWKA-768x1024.jpg 768w, https:\/\/dolinatarczynki.pl\/wp-content\/uploads\/2024\/01\/InShot_BOROWKA-225x300.jpg 225w, https:\/\/dolinatarczynki.pl\/wp-content\/uploads\/2024\/01\/InShot_BOROWKA-1152x1536.jpg 1152w, https:\/\/dolinatarczynki.pl\/wp-content\/uploads\/2024\/01\/InShot_BOROWKA-1536x2048.jpg 1536w, https:\/\/dolinatarczynki.pl\/wp-content\/uploads\/2024\/01\/InShot_BOROWKA-1200x1600.jpg 1200w, https:\/\/dolinatarczynki.pl\/wp-content\/uploads\/2024\/01\/InShot_BOROWKA-scaled.jpg 1920w\" sizes=\"(max-width: 768px) 100vw, 768px\" \/><\/figure><\/div>\n\n\n\n<div class=\"wp-block-media-text alignwide is-stacked-on-mobile\" style=\"grid-template-columns:48% auto\"><figure class=\"wp-block-media-text__media\"><img loading=\"lazy\" decoding=\"async\" width=\"768\" height=\"1024\" src=\"http:\/\/dolinatarczynki.pl\/wp-content\/uploads\/2024\/01\/InShot_PIGWOWIEC-SOK-768x1024.jpg\" alt=\"\" class=\"wp-image-554 size-full\" srcset=\"https:\/\/dolinatarczynki.pl\/wp-content\/uploads\/2024\/01\/InShot_PIGWOWIEC-SOK-768x1024.jpg 768w, https:\/\/dolinatarczynki.pl\/wp-content\/uploads\/2024\/01\/InShot_PIGWOWIEC-SOK-225x300.jpg 225w, https:\/\/dolinatarczynki.pl\/wp-content\/uploads\/2024\/01\/InShot_PIGWOWIEC-SOK-1152x1536.jpg 1152w, https:\/\/dolinatarczynki.pl\/wp-content\/uploads\/2024\/01\/InShot_PIGWOWIEC-SOK-1536x2048.jpg 1536w, https:\/\/dolinatarczynki.pl\/wp-content\/uploads\/2024\/01\/InShot_PIGWOWIEC-SOK-1200x1600.jpg 1200w, https:\/\/dolinatarczynki.pl\/wp-content\/uploads\/2024\/01\/InShot_PIGWOWIEC-SOK-scaled.jpg 1920w\" sizes=\"(max-width: 768px) 100vw, 768px\" \/><\/figure><div class=\"wp-block-media-text__content\">\n<p class=\"has-text-align-center\">PIGWOWIEC &#8211; CENNE \u0179R\u00d3D\u0141O WITAMINY C !!! Sok z pigwowca o pojemno\u015bci 250 ml. Sok wyt\u0142oczony ze \u015bwie\u017cych polskich bor\u00f3wek, bez konserwant\u00f3w i cukru.<\/p>\n<\/div><\/div>\n\n\n\n<div class=\"wp-block-media-text alignwide has-media-on-the-right is-stacked-on-mobile\" style=\"grid-template-columns:auto 48%\"><div class=\"wp-block-media-text__content\">\n<p class=\"has-text-align-center\">PIGWOWIEC &#8211; CENNE \u0179R\u00d3D\u0141O WITAMINY C !!! Syrop pigwowca o pojemno\u015bci 250 ml. Syrop wyt\u0142oczony ze \u015bwie\u017cych polskich bor\u00f3wek, bez konserwant\u00f3w.<\/p>\n<\/div><figure class=\"wp-block-media-text__media\"><img loading=\"lazy\" decoding=\"async\" width=\"768\" height=\"1024\" src=\"http:\/\/dolinatarczynki.pl\/wp-content\/uploads\/2024\/01\/InShot_PIGWOWIEC-SYROP-768x1024.jpg\" alt=\"\" class=\"wp-image-555 size-full\" srcset=\"https:\/\/dolinatarczynki.pl\/wp-content\/uploads\/2024\/01\/InShot_PIGWOWIEC-SYROP-768x1024.jpg 768w, https:\/\/dolinatarczynki.pl\/wp-content\/uploads\/2024\/01\/InShot_PIGWOWIEC-SYROP-225x300.jpg 225w, https:\/\/dolinatarczynki.pl\/wp-content\/uploads\/2024\/01\/InShot_PIGWOWIEC-SYROP-1152x1536.jpg 1152w, https:\/\/dolinatarczynki.pl\/wp-content\/uploads\/2024\/01\/InShot_PIGWOWIEC-SYROP-1536x2048.jpg 1536w, https:\/\/dolinatarczynki.pl\/wp-content\/uploads\/2024\/01\/InShot_PIGWOWIEC-SYROP-1200x1600.jpg 1200w, https:\/\/dolinatarczynki.pl\/wp-content\/uploads\/2024\/01\/InShot_PIGWOWIEC-SYROP-scaled.jpg 1920w\" sizes=\"(max-width: 768px) 100vw, 768px\" \/><\/figure><\/div>\n\n\n\n<div class=\"wp-block-media-text alignwide is-stacked-on-mobile\" style=\"grid-template-columns:47% auto\"><figure class=\"wp-block-media-text__media\"><img loading=\"lazy\" decoding=\"async\" width=\"767\" height=\"1024\" src=\"http:\/\/dolinatarczynki.pl\/wp-content\/uploads\/2024\/01\/InShot_ROKITNIK-767x1024.jpg\" alt=\"\" class=\"wp-image-556 size-full\" srcset=\"https:\/\/dolinatarczynki.pl\/wp-content\/uploads\/2024\/01\/InShot_ROKITNIK-767x1024.jpg 767w, https:\/\/dolinatarczynki.pl\/wp-content\/uploads\/2024\/01\/InShot_ROKITNIK-225x300.jpg 225w, https:\/\/dolinatarczynki.pl\/wp-content\/uploads\/2024\/01\/InShot_ROKITNIK-768x1026.jpg 768w, https:\/\/dolinatarczynki.pl\/wp-content\/uploads\/2024\/01\/InShot_ROKITNIK-1150x1536.jpg 1150w, https:\/\/dolinatarczynki.pl\/wp-content\/uploads\/2024\/01\/InShot_ROKITNIK-1533x2048.jpg 1533w, https:\/\/dolinatarczynki.pl\/wp-content\/uploads\/2024\/01\/InShot_ROKITNIK-1200x1603.jpg 1200w, https:\/\/dolinatarczynki.pl\/wp-content\/uploads\/2024\/01\/InShot_ROKITNIK-scaled.jpg 1916w\" sizes=\"(max-width: 767px) 100vw, 767px\" \/><\/figure><div class=\"wp-block-media-text__content\">\n<p class=\"has-text-align-center\">ROKITNIK &#8211; BOGATE \u0179R\u00d3D\u0141O WITAMINY C, POPRAWIA KONDYCJ\u0118 SK\u00d3RY I W\u0141OS\u00d3W !!! Sok z rokitnika o pojemno\u015bci 250 ml. Sok wyt\u0142oczony ze \u015bwie\u017cych polskich owoc\u00f3w rokitnika, bez konserwant\u00f3w i cukru.<\/p>\n<\/div><\/div>\n","protected":false},"excerpt":{"rendered":"<p>OFERTA: W naszej ofercie znajdziecie Pa\u0144stwo soki w szklanych butelkach o pojemno\u015bci: 250 ml. oraz 500 ml. (pojemno\u015b\u0107 uzale\u017cniona jest od smaku sok\u00f3w) Soki owocowe w szklanych butelkach: &#8211; sok malinowy 100% &#8211; syrop malinowy &#8211; sok z aronii 100% &#8211; syrop z aronii &#8211; sok bor\u00f3wkowy 100% &#8211; sok z czarnej porzeczki 100% -&#8230;<\/p>\n","protected":false},"author":2,"featured_media":0,"parent":0,"menu_order":0,"comment_status":"open","ping_status":"closed","template":"","meta":{"_kadence_starter_templates_imported_post":false,"_kad_post_transparent":"","_kad_post_title":"","_kad_post_layout":"","_kad_post_sidebar_id":"","_kad_post_content_style":"","_kad_post_vertical_padding":"","_kad_post_feature":"","_kad_post_feature_position":"","_kad_post_header":false,"_kad_post_footer":false,"_kad_post_classname":"","footnotes":""},"class_list":["post-253","page","type-page","status-publish","hentry"],"_links":{"self":[{"href":"https:\/\/dolinatarczynki.pl\/index.php?rest_route=\/wp\/v2\/pages\/253","targetHints":{"allow":["GET"]}}],"collection":[{"href":"https:\/\/dolinatarczynki.pl\/index.php?rest_route=\/wp\/v2\/pages"}],"about":[{"href":"https:\/\/dolinatarczynki.pl\/index.php?rest_route=\/wp\/v2\/types\/page"}],"author":[{"embeddable":true,"href":"https:\/\/dolinatarczynki.pl\/index.php?rest_route=\/wp\/v2\/users\/2"}],"replies":[{"embeddable":true,"href":"https:\/\/dolinatarczynki.pl\/index.php?rest_route=%2Fwp%2Fv2%2Fcomments&post=253"}],"version-history":[{"count":3,"href":"https:\/\/dolinatarczynki.pl\/index.php?rest_route=\/wp\/v2\/pages\/253\/revisions"}],"predecessor-version":[{"id":557,"href":"https:\/\/dolinatarczynki.pl\/index.php?rest_route=\/wp\/v2\/pages\/253\/revisions\/557"}],"wp:attachment":[{"href":"https:\/\/dolinatarczynki.pl\/index.php?rest_route=%2Fwp%2Fv2%2Fmedia&parent=253"}],"curies":[{"name":"wp","href":"https:\/\/api.w.org\/{rel}","templated":true}]}}