{"id":251,"date":"2021-05-16T13:50:28","date_gmt":"2021-05-16T13:50:28","guid":{"rendered":"http:\/\/dolinatarczynki.pl\/?page_id=251"},"modified":"2024-01-29T12:09:37","modified_gmt":"2024-01-29T12:09:37","slug":"soki-w-workach-bag-in-box","status":"publish","type":"page","link":"https:\/\/dolinatarczynki.pl\/?page_id=251","title":{"rendered":"Soki w workach bag-in-box"},"content":{"rendered":"\n<pre class=\"wp-block-preformatted\"><strong>OFERTA:\n<\/strong>W naszej ofercie znajdziecie Pa\u0144stwo soki jab\u0142kowe w workach bag-in-box o pojemno\u015bci 3 L oraz 5 L.\nNa \u017cyczenie klienta produkujemy tak\u017ce soki jab\u0142kowe z domieszk\u0105 innych owoc\u00f3w oraz warzyw.<\/pre>\n\n\n\n<figure class=\"wp-block-gallery has-nested-images columns-default is-cropped wp-block-gallery-1 is-layout-flex wp-block-gallery-is-layout-flex\">\n<figure class=\"wp-block-image size-large\"><a href=\"http:\/\/dolinatarczynki.pl\/wp-content\/uploads\/2018\/08\/IMG_20210516_1325352-scaled.jpg\"><img fetchpriority=\"high\" decoding=\"async\" width=\"768\" height=\"1024\" data-id=\"313\" src=\"http:\/\/dolinatarczynki.pl\/wp-content\/uploads\/2018\/08\/IMG_20210516_1325352-768x1024.jpg\" alt=\"\" class=\"wp-image-313\" srcset=\"https:\/\/dolinatarczynki.pl\/wp-content\/uploads\/2018\/08\/IMG_20210516_1325352-768x1024.jpg 768w, https:\/\/dolinatarczynki.pl\/wp-content\/uploads\/2018\/08\/IMG_20210516_1325352-225x300.jpg 225w, https:\/\/dolinatarczynki.pl\/wp-content\/uploads\/2018\/08\/IMG_20210516_1325352-1152x1536.jpg 1152w, https:\/\/dolinatarczynki.pl\/wp-content\/uploads\/2018\/08\/IMG_20210516_1325352-1536x2048.jpg 1536w, https:\/\/dolinatarczynki.pl\/wp-content\/uploads\/2018\/08\/IMG_20210516_1325352-scaled.jpg 1920w\" sizes=\"(max-width: 768px) 100vw, 768px\" \/><\/a><\/figure>\n\n\n\n<figure class=\"wp-block-image size-large\"><a href=\"http:\/\/dolinatarczynki.pl\/wp-content\/uploads\/2021\/05\/IMG_20210516_1327401-scaled.jpg\"><img decoding=\"async\" width=\"768\" height=\"1024\" data-id=\"365\" src=\"http:\/\/dolinatarczynki.pl\/wp-content\/uploads\/2021\/05\/IMG_20210516_1327401-768x1024.jpg\" alt=\"\" class=\"wp-image-365\" srcset=\"https:\/\/dolinatarczynki.pl\/wp-content\/uploads\/2021\/05\/IMG_20210516_1327401-768x1024.jpg 768w, https:\/\/dolinatarczynki.pl\/wp-content\/uploads\/2021\/05\/IMG_20210516_1327401-225x300.jpg 225w, https:\/\/dolinatarczynki.pl\/wp-content\/uploads\/2021\/05\/IMG_20210516_1327401-1152x1536.jpg 1152w, https:\/\/dolinatarczynki.pl\/wp-content\/uploads\/2021\/05\/IMG_20210516_1327401-1536x2048.jpg 1536w, https:\/\/dolinatarczynki.pl\/wp-content\/uploads\/2021\/05\/IMG_20210516_1327401-scaled.jpg 1920w\" sizes=\"(max-width: 768px) 100vw, 768px\" \/><\/a><\/figure>\n<\/figure>\n","protected":false},"excerpt":{"rendered":"<p>OFERTA: W naszej ofercie znajdziecie Pa\u0144stwo soki jab\u0142kowe w workach bag-in-box o pojemno\u015bci 3 L oraz 5 L. Na \u017cyczenie klienta produkujemy tak\u017ce soki jab\u0142kowe z domieszk\u0105 innych owoc\u00f3w oraz warzyw.<\/p>\n","protected":false},"author":2,"featured_media":0,"parent":0,"menu_order":0,"comment_status":"open","ping_status":"closed","template":"","meta":{"_kadence_starter_templates_imported_post":false,"_kad_post_transparent":"","_kad_post_title":"","_kad_post_layout":"","_kad_post_sidebar_id":"","_kad_post_content_style":"","_kad_post_vertical_padding":"","_kad_post_feature":"","_kad_post_feature_position":"","_kad_post_header":false,"_kad_post_footer":false,"_kad_post_classname":"","footnotes":""},"class_list":["post-251","page","type-page","status-publish","hentry"],"_links":{"self":[{"href":"https:\/\/dolinatarczynki.pl\/index.php?rest_route=\/wp\/v2\/pages\/251","targetHints":{"allow":["GET"]}}],"collection":[{"href":"https:\/\/dolinatarczynki.pl\/index.php?rest_route=\/wp\/v2\/pages"}],"about":[{"href":"https:\/\/dolinatarczynki.pl\/index.php?rest_route=\/wp\/v2\/types\/page"}],"author":[{"embeddable":true,"href":"https:\/\/dolinatarczynki.pl\/index.php?rest_route=\/wp\/v2\/users\/2"}],"replies":[{"embeddable":true,"href":"https:\/\/dolinatarczynki.pl\/index.php?rest_route=%2Fwp%2Fv2%2Fcomments&post=251"}],"version-history":[{"count":3,"href":"https:\/\/dolinatarczynki.pl\/index.php?rest_route=\/wp\/v2\/pages\/251\/revisions"}],"predecessor-version":[{"id":558,"href":"https:\/\/dolinatarczynki.pl\/index.php?rest_route=\/wp\/v2\/pages\/251\/revisions\/558"}],"wp:attachment":[{"href":"https:\/\/dolinatarczynki.pl\/index.php?rest_route=%2Fwp%2Fv2%2Fmedia&parent=251"}],"curies":[{"name":"wp","href":"https:\/\/api.w.org\/{rel}","templated":true}]}}